{"id":4346,"date":"2024-12-09T17:26:50","date_gmt":"2024-12-09T17:26:50","guid":{"rendered":"https:\/\/www.aevumdental.de\/imprint\/"},"modified":"2024-12-29T14:13:35","modified_gmt":"2024-12-29T14:13:35","slug":"legal-notice","status":"publish","type":"page","link":"https:\/\/www.aevumdental.de\/en\/legal-notice\/","title":{"rendered":"Legal Notice"},"content":{"rendered":"\t\t<div data-elementor-type=\"wp-page\" data-elementor-id=\"4346\" class=\"elementor elementor-4346\" data-elementor-post-type=\"page\">\n\t\t\t\t<div class=\"elementor-element elementor-element-e4ccc4c e-con-full e-flex e-con e-parent\" data-id=\"e4ccc4c\" data-element_type=\"container\" data-settings=\"{&quot;background_background&quot;:&quot;classic&quot;}\">\n\t\t\t\t<div class=\"elementor-element elementor-element-4483ef2 elementor-widget__width-initial hd-white elementor-widget elementor-widget-heading\" data-id=\"4483ef2\" data-element_type=\"widget\" data-widget_type=\"heading.default\">\n\t\t\t\t<div class=\"elementor-widget-container\">\n\t\t\t\t\t<h1 class=\"elementor-heading-title elementor-size-default\">Legal Notice<\/h1>\t\t\t\t<\/div>\n\t\t\t\t<\/div>\n\t\t\t\t<\/div>\n\t\t<div class=\"elementor-element elementor-element-4e36704 e-flex e-con-boxed e-con e-parent\" data-id=\"4e36704\" data-element_type=\"container\">\n\t\t\t\t\t<div class=\"e-con-inner\">\n\t\t\t\t<div class=\"elementor-element elementor-element-799395b elementor-widget elementor-widget-text-editor\" data-id=\"799395b\" data-element_type=\"widget\" data-widget_type=\"text-editor.default\">\n\t\t\t\t<div class=\"elementor-widget-container\">\n\t\t\t\t\t\t\t\t\t<p>This page contains essential information about our company, including legal details, regulatory authorities, and contact information in compliance with applicable laws. Please refer to this section for transparency regarding our professional credentials, affiliations, and governing regulations.<\/p>\t\t\t\t\t\t\t\t<\/div>\n\t\t\t\t<\/div>\n\t\t\t\t<div class=\"elementor-element elementor-element-38315e5e elementor-widget elementor-widget-shortcode\" data-id=\"38315e5e\" data-element_type=\"widget\" data-widget_type=\"shortcode.default\">\n\t\t\t\t<div class=\"elementor-widget-container\">\n\t\t\t\t\t\t\t<div class=\"elementor-shortcode\">\n<!-- Legal document generated by Complianz | GDPR\/CCPA Cookie Consent https:\/\/wordpress.org\/plugins\/complianz-gdpr -->\n<div id=\"cmplz-document\" class=\"cmplz-document impressum cmplz-document-all\"><p><i>This imprint was last updated on 02.02.2025.<\/i><\/p><p class=\"cmplz-subtitle\">The owner of this website is:<\/p><p>Aigul Uzgeldiyeva - Aevum Dental <br>Wedeler Landstr. 14<br \/>\n22559 Hamburg<br>Germany<br>Email:&nbsp;<span class=\"cmplz-obfuscate\">&#104;&#101;l&#108;&#111;@<span class=\"cmplz-fmail-domain\">&#101;x.&#099;o&#109;<\/span>&#097;&#101;vumd&#101;&#110;ta&#108;.&#100;e<\/span><br>Phone number: 040 813459<br><\/p><p class=\"cmplz-subtitle\">The legal representative(s) of Aigul Uzgeldiyeva - Aevum Dental :<\/p><p>Aigul Uzgeldiyeva<\/p><h2>1. General<\/h2><p class=\"cmplz-subtitle\">1.1 The name of our supervisory authority is:<\/p><p>Zust\u00e4ndige Kammer: Zahn\u00e4rztekammer Hamburg<\/p><p class=\"cmplz-subtitle\">1.2 We display services or products on our website, which require registration with the following professional association:<\/p><p>Zust\u00e4ndige Kammer: Zahn\u00e4rztekammer Hamburg: Weidestra\u00dfe 122 b, 22083 Hamburg, Tel.: (040) 73 34 05-0, Fax (040) 73 34 05 99 99, Mail: info@zaek-hh.de<\/p><p class=\"cmplz-subtitle\">1.3 The profession or the activities displayed on this website require a certain diploma, as stated here:<\/p><p>Zahnarzt (Zahn\u00e4rztin). Die Berufsbezeichnung wurde in der Bundesrepublik Deutschland verliehen. Approbation zum Zahnarzt in Dresden., this diploma or job title was awarded in Germany.<\/p><p class=\"cmplz-subtitle\">1.4 The following Professional Rules and Regulations apply to our organization:<\/p><p>Berufsrechtliche Regelungen Zahnheilkundegesetz, Hamburgisches Kammergesetz f\u00fcr die Heilberufe, Geb\u00fchrenordnung f\u00fcr Zahn\u00e4rzte, Berufsordnung der Zahn\u00e4rztekammer Hamburg. Die Regelungen sind einsehbar unter https:\/\/www.zahnaerzte-hh.de\/zahnaerzteportal\/praxis\/rechtliches\/telemediengesetz\/<\/p><p>We are not willing or obliged to participate in dispute resolution procedures before a consumer arbitration board.<\/p><h2>2. The following information is mandatory according to German law.<\/h2><p class=\"cmplz-subtitle\">2.1 Wir stellen journalistische und redaktionell aufbereitete Inhalte zur Verf\u00fcgung.<\/p><p>Daher m\u00fcssen wir den Namen und den Wohnort der Person nennen, die f\u00fcr den Inhalt dieser Website verantwortlich ist:<br \/><br \/>Verantwortlich f\u00fcr den Inhalt nach \u00a7 18 Abs. 2 MStV ist: Aigul Uzgeldiyeva aus Hamburg, Germany.<\/p><\/div><\/div>\n\t\t\t\t\t\t<\/div>\n\t\t\t\t<\/div>\n\t\t\t\t\t<\/div>\n\t\t\t\t<\/div>\n\t\t\t\t<\/div>\n\t\t","protected":false},"excerpt":{"rendered":"<p>This page contains essential information about our company, including legal details, regulatory authorities, and contact information in compliance with applicable laws. Please refer to this section for transparency regarding our professional credentials, affiliations, and governing regulations.<\/p>\n","protected":false},"author":1,"featured_media":0,"parent":0,"menu_order":0,"comment_status":"closed","ping_status":"closed","template":"","meta":{"_acf_changed":false,"footnotes":""},"class_list":["post-4346","page","type-page","status-publish","hentry"],"acf":[],"yoast_head":"<!-- This site is optimized with the Yoast SEO plugin v26.6 - https:\/\/yoast.com\/wordpress\/plugins\/seo\/ -->\n<title>Legal Notice - Aevum Dental<\/title>\n<meta name=\"robots\" content=\"index, follow, max-snippet:-1, max-image-preview:large, max-video-preview:-1\" \/>\n<link rel=\"canonical\" href=\"https:\/\/www.aevumdental.de\/en\/legal-notice\/\" \/>\n<meta property=\"og:locale\" content=\"en_US\" \/>\n<meta property=\"og:type\" content=\"article\" \/>\n<meta property=\"og:title\" content=\"Legal Notice - Aevum Dental\" \/>\n<meta property=\"og:description\" content=\"This page contains essential information about our company, including legal details, regulatory authorities, and contact information in compliance with applicable laws. Please refer to this section for transparency regarding our professional credentials, affiliations, and governing regulations.\" \/>\n<meta property=\"og:url\" content=\"https:\/\/www.aevumdental.de\/en\/legal-notice\/\" \/>\n<meta property=\"og:site_name\" content=\"Aevum Dental\" \/>\n<meta property=\"article:modified_time\" content=\"2024-12-29T14:13:35+00:00\" \/>\n<meta name=\"twitter:card\" content=\"summary_large_image\" \/>\n<script type=\"application\/ld+json\" class=\"yoast-schema-graph\">{\"@context\":\"https:\/\/schema.org\",\"@graph\":[{\"@type\":\"WebPage\",\"@id\":\"https:\/\/www.aevumdental.de\/en\/legal-notice\/\",\"url\":\"https:\/\/www.aevumdental.de\/en\/legal-notice\/\",\"name\":\"Legal Notice - Aevum Dental\",\"isPartOf\":{\"@id\":\"https:\/\/www.aevumdental.de\/#website\"},\"datePublished\":\"2024-12-09T17:26:50+00:00\",\"dateModified\":\"2024-12-29T14:13:35+00:00\",\"breadcrumb\":{\"@id\":\"https:\/\/www.aevumdental.de\/en\/legal-notice\/#breadcrumb\"},\"inLanguage\":\"en-US\",\"potentialAction\":[{\"@type\":\"ReadAction\",\"target\":[\"https:\/\/www.aevumdental.de\/en\/legal-notice\/\"]}]},{\"@type\":\"BreadcrumbList\",\"@id\":\"https:\/\/www.aevumdental.de\/en\/legal-notice\/#breadcrumb\",\"itemListElement\":[{\"@type\":\"ListItem\",\"position\":1,\"name\":\"Startseite\",\"item\":\"https:\/\/www.aevumdental.de\/en\/\"},{\"@type\":\"ListItem\",\"position\":2,\"name\":\"Legal Notice\"}]},{\"@type\":\"WebSite\",\"@id\":\"https:\/\/www.aevumdental.de\/#website\",\"url\":\"https:\/\/www.aevumdental.de\/\",\"name\":\"Aevum Dental Zahnarztpaxis Hamburg\",\"description\":\"Zahnarztpraxis in Hamburg Rissen\",\"publisher\":{\"@id\":\"https:\/\/www.aevumdental.de\/#organization\"},\"potentialAction\":[{\"@type\":\"SearchAction\",\"target\":{\"@type\":\"EntryPoint\",\"urlTemplate\":\"https:\/\/www.aevumdental.de\/?s={search_term_string}\"},\"query-input\":{\"@type\":\"PropertyValueSpecification\",\"valueRequired\":true,\"valueName\":\"search_term_string\"}}],\"inLanguage\":\"en-US\"},{\"@type\":\"Organization\",\"@id\":\"https:\/\/www.aevumdental.de\/#organization\",\"name\":\"Aevum Dental Zahnarztpaxis Aigul Uzgeldiyeva\",\"url\":\"https:\/\/www.aevumdental.de\/\",\"logo\":{\"@type\":\"ImageObject\",\"inLanguage\":\"en-US\",\"@id\":\"https:\/\/www.aevumdental.de\/#\/schema\/logo\/image\/\",\"url\":\"https:\/\/www.aevumdental.de\/wp-content\/uploads\/2024\/07\/Frame-3.svg\",\"contentUrl\":\"https:\/\/www.aevumdental.de\/wp-content\/uploads\/2024\/07\/Frame-3.svg\",\"width\":70,\"height\":70,\"caption\":\"Aevum Dental Zahnarztpaxis Aigul Uzgeldiyeva\"},\"image\":{\"@id\":\"https:\/\/www.aevumdental.de\/#\/schema\/logo\/image\/\"}}]}<\/script>\n<!-- \/ Yoast SEO plugin. -->","yoast_head_json":{"title":"Legal Notice - Aevum Dental","robots":{"index":"index","follow":"follow","max-snippet":"max-snippet:-1","max-image-preview":"max-image-preview:large","max-video-preview":"max-video-preview:-1"},"canonical":"https:\/\/www.aevumdental.de\/en\/legal-notice\/","og_locale":"en_US","og_type":"article","og_title":"Legal Notice - Aevum Dental","og_description":"This page contains essential information about our company, including legal details, regulatory authorities, and contact information in compliance with applicable laws. Please refer to this section for transparency regarding our professional credentials, affiliations, and governing regulations.","og_url":"https:\/\/www.aevumdental.de\/en\/legal-notice\/","og_site_name":"Aevum Dental","article_modified_time":"2024-12-29T14:13:35+00:00","twitter_card":"summary_large_image","schema":{"@context":"https:\/\/schema.org","@graph":[{"@type":"WebPage","@id":"https:\/\/www.aevumdental.de\/en\/legal-notice\/","url":"https:\/\/www.aevumdental.de\/en\/legal-notice\/","name":"Legal Notice - Aevum Dental","isPartOf":{"@id":"https:\/\/www.aevumdental.de\/#website"},"datePublished":"2024-12-09T17:26:50+00:00","dateModified":"2024-12-29T14:13:35+00:00","breadcrumb":{"@id":"https:\/\/www.aevumdental.de\/en\/legal-notice\/#breadcrumb"},"inLanguage":"en-US","potentialAction":[{"@type":"ReadAction","target":["https:\/\/www.aevumdental.de\/en\/legal-notice\/"]}]},{"@type":"BreadcrumbList","@id":"https:\/\/www.aevumdental.de\/en\/legal-notice\/#breadcrumb","itemListElement":[{"@type":"ListItem","position":1,"name":"Startseite","item":"https:\/\/www.aevumdental.de\/en\/"},{"@type":"ListItem","position":2,"name":"Legal Notice"}]},{"@type":"WebSite","@id":"https:\/\/www.aevumdental.de\/#website","url":"https:\/\/www.aevumdental.de\/","name":"Aevum Dental Zahnarztpaxis Hamburg","description":"Zahnarztpraxis in Hamburg Rissen","publisher":{"@id":"https:\/\/www.aevumdental.de\/#organization"},"potentialAction":[{"@type":"SearchAction","target":{"@type":"EntryPoint","urlTemplate":"https:\/\/www.aevumdental.de\/?s={search_term_string}"},"query-input":{"@type":"PropertyValueSpecification","valueRequired":true,"valueName":"search_term_string"}}],"inLanguage":"en-US"},{"@type":"Organization","@id":"https:\/\/www.aevumdental.de\/#organization","name":"Aevum Dental Zahnarztpaxis Aigul Uzgeldiyeva","url":"https:\/\/www.aevumdental.de\/","logo":{"@type":"ImageObject","inLanguage":"en-US","@id":"https:\/\/www.aevumdental.de\/#\/schema\/logo\/image\/","url":"https:\/\/www.aevumdental.de\/wp-content\/uploads\/2024\/07\/Frame-3.svg","contentUrl":"https:\/\/www.aevumdental.de\/wp-content\/uploads\/2024\/07\/Frame-3.svg","width":70,"height":70,"caption":"Aevum Dental Zahnarztpaxis Aigul Uzgeldiyeva"},"image":{"@id":"https:\/\/www.aevumdental.de\/#\/schema\/logo\/image\/"}}]}},"_links":{"self":[{"href":"https:\/\/www.aevumdental.de\/en\/wp-json\/wp\/v2\/pages\/4346","targetHints":{"allow":["GET"]}}],"collection":[{"href":"https:\/\/www.aevumdental.de\/en\/wp-json\/wp\/v2\/pages"}],"about":[{"href":"https:\/\/www.aevumdental.de\/en\/wp-json\/wp\/v2\/types\/page"}],"author":[{"embeddable":true,"href":"https:\/\/www.aevumdental.de\/en\/wp-json\/wp\/v2\/users\/1"}],"replies":[{"embeddable":true,"href":"https:\/\/www.aevumdental.de\/en\/wp-json\/wp\/v2\/comments?post=4346"}],"version-history":[{"count":7,"href":"https:\/\/www.aevumdental.de\/en\/wp-json\/wp\/v2\/pages\/4346\/revisions"}],"predecessor-version":[{"id":5172,"href":"https:\/\/www.aevumdental.de\/en\/wp-json\/wp\/v2\/pages\/4346\/revisions\/5172"}],"wp:attachment":[{"href":"https:\/\/www.aevumdental.de\/en\/wp-json\/wp\/v2\/media?parent=4346"}],"curies":[{"name":"wp","href":"https:\/\/api.w.org\/{rel}","templated":true}]}}